{"id":43,"date":"2023-09-16T18:49:00","date_gmt":"2023-09-16T16:49:00","guid":{"rendered":"https:\/\/www.lsmotors.fi\/?page_id=43"},"modified":"2025-09-29T19:39:00","modified_gmt":"2025-09-29T17:39:00","slug":"palvelut","status":"publish","type":"page","link":"https:\/\/www.lsmotors.fi\/index.php\/palvelut\/","title":{"rendered":"Palvelut"},"content":{"rendered":"\t\t<div data-elementor-type=\"wp-page\" data-elementor-id=\"43\" class=\"elementor elementor-43\">\n\t\t\t\t<div class=\"elementor-element elementor-element-3197c4e e-con-full e-flex e-con e-parent\" data-id=\"3197c4e\" data-element_type=\"container\" data-settings=\"{&quot;background_background&quot;:&quot;classic&quot;}\">\n\t\t\t\t<div class=\"elementor-element elementor-element-5643cfb elementor-widget elementor-widget-heading\" data-id=\"5643cfb\" data-element_type=\"widget\" data-widget_type=\"heading.default\">\n\t\t\t\t<div class=\"elementor-widget-container\">\n\t\t\t\t\t<h2 class=\"elementor-heading-title elementor-size-default\">Palvelut<\/h2>\t\t\t\t<\/div>\n\t\t\t\t<\/div>\n\t\t\t\t<\/div>\n\t\t<div class=\"elementor-element elementor-element-ae2f5a6 e-flex e-con-boxed e-con e-parent\" data-id=\"ae2f5a6\" data-element_type=\"container\" data-settings=\"{&quot;background_background&quot;:&quot;classic&quot;}\">\n\t\t\t\t\t<div class=\"e-con-inner\">\n\t\t\t\t<div class=\"elementor-element elementor-element-72534d2 elementor-hidden-mobile gallery-spacing-custom elementor-widget elementor-widget-image-gallery\" data-id=\"72534d2\" data-element_type=\"widget\" data-widget_type=\"image-gallery.default\">\n\t\t\t\t<div class=\"elementor-widget-container\">\n\t\t\t\t\t\t\t<div class=\"elementor-image-gallery\">\n\t\t\t<div id='gallery-1' class='gallery galleryid-43 gallery-columns-7 gallery-size-thumbnail'><figure class='gallery-item'>\n\t\t\t<div class='gallery-icon portrait'>\n\t\t\t\t<a data-elementor-open-lightbox=\"yes\" data-elementor-lightbox-slideshow=\"72534d2\" data-e-action-hash=\"#elementor-action%3Aaction%3Dlightbox%26settings%3DeyJpZCI6NTUsInVybCI6Imh0dHBzOlwvXC93d3cubHNtb3RvcnMuZmlcL3dwLWNvbnRlbnRcL3VwbG9hZHNcLzIwMjNcLzA5XC90aHVtYm5haWxfSU1HMjAyMzA4MjQxODE2NDUuanBnIiwic2xpZGVzaG93IjoiNzI1MzRkMiJ9\" href='https:\/\/www.lsmotors.fi\/wp-content\/uploads\/2023\/09\/thumbnail_IMG20230824181645.jpg'><img width=\"150\" height=\"150\" src=\"https:\/\/www.lsmotors.fi\/wp-content\/uploads\/2023\/09\/thumbnail_IMG20230824181645-150x150.jpg\" class=\"attachment-thumbnail size-thumbnail\" alt=\"\" decoding=\"async\" \/><\/a>\n\t\t\t<\/div><\/figure><figure class='gallery-item'>\n\t\t\t<div class='gallery-icon portrait'>\n\t\t\t\t<a data-elementor-open-lightbox=\"yes\" data-elementor-lightbox-slideshow=\"72534d2\" data-e-action-hash=\"#elementor-action%3Aaction%3Dlightbox%26settings%3DeyJpZCI6NTIsInVybCI6Imh0dHBzOlwvXC93d3cubHNtb3RvcnMuZmlcL3dwLWNvbnRlbnRcL3VwbG9hZHNcLzIwMjNcLzA5XC90aHVtYm5haWxfSU1HMjAyMzAyMjcxODQyMjEuanBnIiwic2xpZGVzaG93IjoiNzI1MzRkMiJ9\" href='https:\/\/www.lsmotors.fi\/wp-content\/uploads\/2023\/09\/thumbnail_IMG20230227184221.jpg'><img width=\"150\" height=\"150\" src=\"https:\/\/www.lsmotors.fi\/wp-content\/uploads\/2023\/09\/thumbnail_IMG20230227184221-150x150.jpg\" class=\"attachment-thumbnail size-thumbnail\" alt=\"\" decoding=\"async\" \/><\/a>\n\t\t\t<\/div><\/figure><figure class='gallery-item'>\n\t\t\t<div class='gallery-icon portrait'>\n\t\t\t\t<a data-elementor-open-lightbox=\"yes\" data-elementor-lightbox-slideshow=\"72534d2\" data-e-action-hash=\"#elementor-action%3Aaction%3Dlightbox%26settings%3DeyJpZCI6NTMsInVybCI6Imh0dHBzOlwvXC93d3cubHNtb3RvcnMuZmlcL3dwLWNvbnRlbnRcL3VwbG9hZHNcLzIwMjNcLzA5XC90aHVtYm5haWxfSU1HMjAyMzA2MDEwOTA5MjEuanBnIiwic2xpZGVzaG93IjoiNzI1MzRkMiJ9\" href='https:\/\/www.lsmotors.fi\/wp-content\/uploads\/2023\/09\/thumbnail_IMG20230601090921.jpg'><img width=\"150\" height=\"150\" src=\"https:\/\/www.lsmotors.fi\/wp-content\/uploads\/2023\/09\/thumbnail_IMG20230601090921-150x150.jpg\" class=\"attachment-thumbnail size-thumbnail\" alt=\"\" decoding=\"async\" \/><\/a>\n\t\t\t<\/div><\/figure><figure class='gallery-item'>\n\t\t\t<div class='gallery-icon portrait'>\n\t\t\t\t<a data-elementor-open-lightbox=\"yes\" data-elementor-lightbox-slideshow=\"72534d2\" data-e-action-hash=\"#elementor-action%3Aaction%3Dlightbox%26settings%3DeyJpZCI6NTEsInVybCI6Imh0dHBzOlwvXC93d3cubHNtb3RvcnMuZmlcL3dwLWNvbnRlbnRcL3VwbG9hZHNcLzIwMjNcLzA5XC90aHVtYm5haWxfSU1HXzIwMjMwOTE3XzExMzk0MS5qcGciLCJzbGlkZXNob3ciOiI3MjUzNGQyIn0%3D\" data-elementor-lightbox-title=\"thumbnail_IMG_20230917_113941\" href='https:\/\/www.lsmotors.fi\/wp-content\/uploads\/2023\/09\/thumbnail_IMG_20230917_113941.jpg'><img loading=\"lazy\" width=\"150\" height=\"150\" src=\"https:\/\/www.lsmotors.fi\/wp-content\/uploads\/2023\/09\/thumbnail_IMG_20230917_113941-150x150.jpg\" class=\"attachment-thumbnail size-thumbnail\" alt=\"\" decoding=\"async\" srcset=\"https:\/\/www.lsmotors.fi\/wp-content\/uploads\/2023\/09\/thumbnail_IMG_20230917_113941-150x150.jpg 150w, https:\/\/www.lsmotors.fi\/wp-content\/uploads\/2023\/09\/thumbnail_IMG_20230917_113941-600x600.jpg 600w\" sizes=\"(max-width: 150px) 100vw, 150px\" \/><\/a>\n\t\t\t<\/div><\/figure><figure class='gallery-item'>\n\t\t\t<div class='gallery-icon landscape'>\n\t\t\t\t<a data-elementor-open-lightbox=\"yes\" data-elementor-lightbox-slideshow=\"72534d2\" data-e-action-hash=\"#elementor-action%3Aaction%3Dlightbox%26settings%3DeyJpZCI6MzAsInVybCI6Imh0dHBzOlwvXC93d3cubHNtb3RvcnMuZmlcL3dwLWNvbnRlbnRcL3VwbG9hZHNcLzIwMjNcLzA5XC9JTUctMjAyMjAyMDItV0EwMDA4LmpwZyIsInNsaWRlc2hvdyI6IjcyNTM0ZDIifQ%3D%3D\" data-elementor-lightbox-title=\"thumbnail_IMG_20230917_113941\" href='https:\/\/www.lsmotors.fi\/wp-content\/uploads\/2023\/09\/IMG-20220202-WA0008.jpg'><img loading=\"lazy\" width=\"150\" height=\"150\" src=\"https:\/\/www.lsmotors.fi\/wp-content\/uploads\/2023\/09\/IMG-20220202-WA0008-150x150.jpg\" class=\"attachment-thumbnail size-thumbnail\" alt=\"\" decoding=\"async\" srcset=\"https:\/\/www.lsmotors.fi\/wp-content\/uploads\/2023\/09\/IMG-20220202-WA0008-150x150.jpg 150w, https:\/\/www.lsmotors.fi\/wp-content\/uploads\/2023\/09\/IMG-20220202-WA0008-600x600.jpg 600w\" sizes=\"(max-width: 150px) 100vw, 150px\" \/><\/a>\n\t\t\t<\/div><\/figure><figure class='gallery-item'>\n\t\t\t<div class='gallery-icon portrait'>\n\t\t\t\t<a data-elementor-open-lightbox=\"yes\" data-elementor-lightbox-slideshow=\"72534d2\" data-e-action-hash=\"#elementor-action%3Aaction%3Dlightbox%26settings%3DeyJpZCI6NTYsInVybCI6Imh0dHBzOlwvXC93d3cubHNtb3RvcnMuZmlcL3dwLWNvbnRlbnRcL3VwbG9hZHNcLzIwMjNcLzA5XC90aHVtYm5haWxfSU1HMjAyMzA5MDQxNzAzMDkuanBnIiwic2xpZGVzaG93IjoiNzI1MzRkMiJ9\" data-elementor-lightbox-title=\"thumbnail_IMG_20230917_113941\" href='https:\/\/www.lsmotors.fi\/wp-content\/uploads\/2023\/09\/thumbnail_IMG20230904170309.jpg'><img loading=\"lazy\" width=\"150\" height=\"150\" src=\"https:\/\/www.lsmotors.fi\/wp-content\/uploads\/2023\/09\/thumbnail_IMG20230904170309-150x150.jpg\" class=\"attachment-thumbnail size-thumbnail\" alt=\"\" decoding=\"async\" \/><\/a>\n\t\t\t<\/div><\/figure><figure class='gallery-item'>\n\t\t\t<div class='gallery-icon landscape'>\n\t\t\t\t<a data-elementor-open-lightbox=\"yes\" data-elementor-lightbox-slideshow=\"72534d2\" data-e-action-hash=\"#elementor-action%3Aaction%3Dlightbox%26settings%3DeyJpZCI6MjksInVybCI6Imh0dHBzOlwvXC93d3cubHNtb3RvcnMuZmlcL3dwLWNvbnRlbnRcL3VwbG9hZHNcLzIwMjNcLzA5XC9JTUctMjAyMzA5MTQtV0EwMDA5LmpwZyIsInNsaWRlc2hvdyI6IjcyNTM0ZDIifQ%3D%3D\" data-elementor-lightbox-title=\"thumbnail_IMG_20230917_113941\" href='https:\/\/www.lsmotors.fi\/wp-content\/uploads\/2023\/09\/IMG-20230914-WA0009.jpg'><img loading=\"lazy\" width=\"150\" height=\"150\" src=\"https:\/\/www.lsmotors.fi\/wp-content\/uploads\/2023\/09\/IMG-20230914-WA0009-150x150.jpg\" class=\"attachment-thumbnail size-thumbnail\" alt=\"\" decoding=\"async\" srcset=\"https:\/\/www.lsmotors.fi\/wp-content\/uploads\/2023\/09\/IMG-20230914-WA0009-150x150.jpg 150w, https:\/\/www.lsmotors.fi\/wp-content\/uploads\/2023\/09\/IMG-20230914-WA0009-600x600.jpg 600w\" sizes=\"(max-width: 150px) 100vw, 150px\" \/><\/a>\n\t\t\t<\/div><\/figure>\n\t\t<\/div>\n\t\t<\/div>\n\t\t\t\t\t\t<\/div>\n\t\t\t\t<\/div>\n\t\t\t\t<div class=\"elementor-element elementor-element-640c452 elementor-widget elementor-widget-heading\" data-id=\"640c452\" data-element_type=\"widget\" data-widget_type=\"heading.default\">\n\t\t\t\t<div class=\"elementor-widget-container\">\n\t\t\t\t\t<h2 class=\"elementor-heading-title elementor-size-default\">Liikkuva Venehuolto, siell\u00e4 miss\u00e4 veneesi!<br>Huollamme ja korjaamme mm:<\/h2>\t\t\t\t<\/div>\n\t\t\t\t<\/div>\n\t\t\t\t<div class=\"elementor-element elementor-element-9ae9ee5 elementor-icon-list--layout-traditional elementor-list-item-link-full_width elementor-widget elementor-widget-icon-list\" data-id=\"9ae9ee5\" data-element_type=\"widget\" data-widget_type=\"icon-list.default\">\n\t\t\t\t<div class=\"elementor-widget-container\">\n\t\t\t\t\t\t\t<ul class=\"elementor-icon-list-items\">\n\t\t\t\t\t\t\t<li class=\"elementor-icon-list-item\">\n\t\t\t\t\t\t\t\t\t\t\t<span class=\"elementor-icon-list-icon\">\n\t\t\t\t\t\t\t<i aria-hidden=\"true\" class=\"fas fa-check\"><\/i>\t\t\t\t\t\t<\/span>\n\t\t\t\t\t\t\t\t\t\t<span class=\"elementor-icon-list-text\">Volvo Penta moottorit huolto ja korjaus<\/span>\n\t\t\t\t\t\t\t\t\t<\/li>\n\t\t\t\t\t\t\t\t<li class=\"elementor-icon-list-item\">\n\t\t\t\t\t\t\t\t\t\t\t<span class=\"elementor-icon-list-icon\">\n\t\t\t\t\t\t\t<i aria-hidden=\"true\" class=\"fas fa-check\"><\/i>\t\t\t\t\t\t<\/span>\n\t\t\t\t\t\t\t\t\t\t<span class=\"elementor-icon-list-text\">Volvo Penta vetolaitteen  huolto ja korjaus<\/span>\n\t\t\t\t\t\t\t\t\t<\/li>\n\t\t\t\t\t\t\t\t<li class=\"elementor-icon-list-item\">\n\t\t\t\t\t\t\t\t\t\t\t<span class=\"elementor-icon-list-icon\">\n\t\t\t\t\t\t\t<i aria-hidden=\"true\" class=\"fas fa-check\"><\/i>\t\t\t\t\t\t<\/span>\n\t\t\t\t\t\t\t\t\t\t<span class=\"elementor-icon-list-text\">MerCruiser vetolaitteet huolto ja korjaus<\/span>\n\t\t\t\t\t\t\t\t\t<\/li>\n\t\t\t\t\t\t\t\t<li class=\"elementor-icon-list-item\">\n\t\t\t\t\t\t\t\t\t\t\t<span class=\"elementor-icon-list-icon\">\n\t\t\t\t\t\t\t<i aria-hidden=\"true\" class=\"fas fa-check\"><\/i>\t\t\t\t\t\t<\/span>\n\t\t\t\t\t\t\t\t\t\t<span class=\"elementor-icon-list-text\">Mercruiser moottorit huolto ja korjaus<\/span>\n\t\t\t\t\t\t\t\t\t<\/li>\n\t\t\t\t\t\t\t\t<li class=\"elementor-icon-list-item\">\n\t\t\t\t\t\t\t\t\t\t\t<span class=\"elementor-icon-list-icon\">\n\t\t\t\t\t\t\t<i aria-hidden=\"true\" class=\"fas fa-check\"><\/i>\t\t\t\t\t\t<\/span>\n\t\t\t\t\t\t\t\t\t\t<span class=\"elementor-icon-list-text\">Yamaha per\u00e4moottorien huolto ja korjaus<\/span>\n\t\t\t\t\t\t\t\t\t<\/li>\n\t\t\t\t\t\t\t\t<li class=\"elementor-icon-list-item\">\n\t\t\t\t\t\t\t\t\t\t\t<span class=\"elementor-icon-list-icon\">\n\t\t\t\t\t\t\t<i aria-hidden=\"true\" class=\"fas fa-check\"><\/i>\t\t\t\t\t\t<\/span>\n\t\t\t\t\t\t\t\t\t\t<span class=\"elementor-icon-list-text\">Yanmar huolto ja korjaukset<\/span>\n\t\t\t\t\t\t\t\t\t<\/li>\n\t\t\t\t\t\t\t\t<li class=\"elementor-icon-list-item\">\n\t\t\t\t\t\t\t\t\t\t\t<span class=\"elementor-icon-list-icon\">\n\t\t\t\t\t\t\t<i aria-hidden=\"true\" class=\"fas fa-check\"><\/i>\t\t\t\t\t\t<\/span>\n\t\t\t\t\t\t\t\t\t\t<span class=\"elementor-icon-list-text\">Kysy my\u00f6s muut merkit ja mallit!<\/span>\n\t\t\t\t\t\t\t\t\t<\/li>\n\t\t\t\t\t\t<\/ul>\n\t\t\t\t\t\t<\/div>\n\t\t\t\t<\/div>\n\t\t\t\t<div class=\"elementor-element elementor-element-c36d4b2 elementor-widget elementor-widget-heading\" data-id=\"c36d4b2\" data-element_type=\"widget\" data-widget_type=\"heading.default\">\n\t\t\t\t<div class=\"elementor-widget-container\">\n\t\t\t\t\t<h2 class=\"elementor-heading-title elementor-size-default\">Vianetsint\u00e4\/Vikakoodien luku Rinda:n sek\u00e4 Jaltest testilaitteilla!<\/h2>\t\t\t\t<\/div>\n\t\t\t\t<\/div>\n\t\t\t\t<div class=\"elementor-element elementor-element-31d69bd elementor-icon-list--layout-traditional elementor-list-item-link-full_width elementor-widget elementor-widget-icon-list\" data-id=\"31d69bd\" data-element_type=\"widget\" data-widget_type=\"icon-list.default\">\n\t\t\t\t<div class=\"elementor-widget-container\">\n\t\t\t\t\t\t\t<ul class=\"elementor-icon-list-items\">\n\t\t\t\t\t\t\t<li class=\"elementor-icon-list-item\">\n\t\t\t\t\t\t\t\t\t\t\t<span class=\"elementor-icon-list-icon\">\n\t\t\t\t\t\t\t<i aria-hidden=\"true\" class=\"fas fa-check\"><\/i>\t\t\t\t\t\t<\/span>\n\t\t\t\t\t\t\t\t\t\t<span class=\"elementor-icon-list-text\">Volvo Penta bensiini moottorit<\/span>\n\t\t\t\t\t\t\t\t\t<\/li>\n\t\t\t\t\t\t\t\t<li class=\"elementor-icon-list-item\">\n\t\t\t\t\t\t\t\t\t\t\t<span class=\"elementor-icon-list-icon\">\n\t\t\t\t\t\t\t<i aria-hidden=\"true\" class=\"fas fa-check\"><\/i>\t\t\t\t\t\t<\/span>\n\t\t\t\t\t\t\t\t\t\t<span class=\"elementor-icon-list-text\">Volvo Penta EDC Moottorit. esim KAD44, KAD300, KAMD44, KAMD300,  D3 ,D4 ,D6. Soita ja kysy muut!<\/span>\n\t\t\t\t\t\t\t\t\t<\/li>\n\t\t\t\t\t\t\t\t<li class=\"elementor-icon-list-item\">\n\t\t\t\t\t\t\t\t\t\t\t<span class=\"elementor-icon-list-icon\">\n\t\t\t\t\t\t\t<i aria-hidden=\"true\" class=\"fas fa-check\"><\/i>\t\t\t\t\t\t<\/span>\n\t\t\t\t\t\t\t\t\t\t<span class=\"elementor-icon-list-text\">Mercruiser bensiini ja diesel moottorit<\/span>\n\t\t\t\t\t\t\t\t\t<\/li>\n\t\t\t\t\t\t\t\t<li class=\"elementor-icon-list-item\">\n\t\t\t\t\t\t\t\t\t\t\t<span class=\"elementor-icon-list-icon\">\n\t\t\t\t\t\t\t<i aria-hidden=\"true\" class=\"fas fa-check\"><\/i>\t\t\t\t\t\t<\/span>\n\t\t\t\t\t\t\t\t\t\t<span class=\"elementor-icon-list-text\">My\u00f6s Mercury Racing moottorit!<\/span>\n\t\t\t\t\t\t\t\t\t<\/li>\n\t\t\t\t\t\t\t\t<li class=\"elementor-icon-list-item\">\n\t\t\t\t\t\t\t\t\t\t\t<span class=\"elementor-icon-list-icon\">\n\t\t\t\t\t\t\t<i aria-hidden=\"true\" class=\"fas fa-check\"><\/i>\t\t\t\t\t\t<\/span>\n\t\t\t\t\t\t\t\t\t\t<span class=\"elementor-icon-list-text\">Mercury per\u00e4moottorit<\/span>\n\t\t\t\t\t\t\t\t\t<\/li>\n\t\t\t\t\t\t\t\t<li class=\"elementor-icon-list-item\">\n\t\t\t\t\t\t\t\t\t\t\t<span class=\"elementor-icon-list-icon\">\n\t\t\t\t\t\t\t<i aria-hidden=\"true\" class=\"fas fa-check\"><\/i>\t\t\t\t\t\t<\/span>\n\t\t\t\t\t\t\t\t\t\t<span class=\"elementor-icon-list-text\">Yamaha Per\u00e4moottorit<\/span>\n\t\t\t\t\t\t\t\t\t<\/li>\n\t\t\t\t\t\t<\/ul>\n\t\t\t\t\t\t<\/div>\n\t\t\t\t<\/div>\n\t\t\t\t<div class=\"elementor-element elementor-element-898abc8 elementor-widget elementor-widget-text-editor\" data-id=\"898abc8\" data-element_type=\"widget\" data-widget_type=\"text-editor.default\">\n\t\t\t\t<div class=\"elementor-widget-container\">\n\t\t\t\t\t\t\t\t\t<p>Liikkuva venehuolto mahdollistaa tulla veneesi luokse jolloin s\u00e4\u00e4st\u00e4t aikaa eik\u00e4 venett\u00e4 tarvitse siirt\u00e4\u00e4. Huollot ja korjaukset!<\/p>\n<p>Veneiden talvis\u00e4ilytyst\u00e4 l\u00e4mpim\u00e4ss\u00e4 hallissa. Avaimet k\u00e4teen perjaatteella. KYSY!<\/p>\n<p>Volvo Penta EDC moottorien vikakoodien luku, Vianetsint\u00e4\/diagnoosi, k\u00e4ytt\u00f6tuntien tarkastus yms.<\/p>\n<p>Kauttamme veneen pesut ja vahaukset, sis\u00e4 puhdistus\/pesut yms.<\/p>\n<p><span style=\"font-size: 16px;\">Veneiden nostot\/laskut 2700kg asti omalla 3500kg trailerilla.<\/span><\/p>\n<p>Veneiden kuljetus 2700kg asti esim. myynti- tai ostotilanteessa. Esim Turku-Tampere-Turku<br>Veneiden nostot\/laskut\/kuljetus asiakkaan trailerilla.<\/p>\n<p>Hoidamme puolestasi veneiden siirtoajot Turun saaristossa.<\/p>\n<p>Teemme my\u00f6s venetrailerien ja per\u00e4vaunujen huollot ja korjaukset sek\u00e4 katsastukset.<br>Vesijettien huollot talviaikaan onnistuu my\u00f6s, kysy!<\/p>\t\t\t\t\t\t\t\t<\/div>\n\t\t\t\t<\/div>\n\t\t\t\t\t<\/div>\n\t\t\t\t<\/div>\n\t\t<div class=\"elementor-element elementor-element-81faad1 e-flex e-con-boxed e-con e-parent\" data-id=\"81faad1\" data-element_type=\"container\" data-settings=\"{&quot;background_background&quot;:&quot;classic&quot;}\">\n\t\t\t\t\t<div class=\"e-con-inner\">\n\t\t<div class=\"elementor-element elementor-element-5bd90fd e-con-full e-flex e-con e-child\" data-id=\"5bd90fd\" data-element_type=\"container\" data-settings=\"{&quot;background_background&quot;:&quot;classic&quot;}\">\n\t\t\t\t<div class=\"elementor-element elementor-element-eec0c46 elementor-widget elementor-widget-heading\" data-id=\"eec0c46\" data-element_type=\"widget\" data-widget_type=\"heading.default\">\n\t\t\t\t<div class=\"elementor-widget-container\">\n\t\t\t\t\t<h2 class=\"elementor-heading-title elementor-size-default\">LS-Motors Oy<\/h2>\t\t\t\t<\/div>\n\t\t\t\t<\/div>\n\t\t\t\t<div class=\"elementor-element elementor-element-415c11e elementor-widget elementor-widget-text-editor\" data-id=\"415c11e\" data-element_type=\"widget\" data-widget_type=\"text-editor.default\">\n\t\t\t\t<div class=\"elementor-widget-container\">\n\t\t\t\t\t\t\t\t\t<p>Sampsa Laine<br \/>0505354984<br \/><a href=\"mailto:lsmotors.info@gmail.com\">lsmotors.info@gmail.com<\/a><\/p>\t\t\t\t\t\t\t\t<\/div>\n\t\t\t\t<\/div>\n\t\t\t\t<div class=\"elementor-element elementor-element-d78a5cf elementor-widget elementor-widget-heading\" data-id=\"d78a5cf\" data-element_type=\"widget\" data-widget_type=\"heading.default\">\n\t\t\t\t<div class=\"elementor-widget-container\">\n\t\t\t\t\t<h2 class=\"elementor-heading-title elementor-size-default\">Korjaamotilan osoite<\/h2>\t\t\t\t<\/div>\n\t\t\t\t<\/div>\n\t\t\t\t<div class=\"elementor-element elementor-element-9022420 elementor-widget elementor-widget-text-editor\" data-id=\"9022420\" data-element_type=\"widget\" data-widget_type=\"text-editor.default\">\n\t\t\t\t<div class=\"elementor-widget-container\">\n\t\t\t\t\t\t\t\t\t<p>Korjaamotilamme sijaitsee Raisiossa Nesteentie 38, Halli 3, ovi 2<\/p><p>Nesteentielt\u00e4 Kaislatien kautta alhaistenojankadulle, tien p\u00e4\u00e4h\u00e4n, portista sis\u00e4\u00e4n, etsi halli 3 ovi 2.<\/p>\t\t\t\t\t\t\t\t<\/div>\n\t\t\t\t<\/div>\n\t\t\t\t<div class=\"elementor-element elementor-element-2997ecd elementor-widget elementor-widget-google_maps\" data-id=\"2997ecd\" data-element_type=\"widget\" data-widget_type=\"google_maps.default\">\n\t\t\t\t<div class=\"elementor-widget-container\">\n\t\t\t\t\t\t\t<div class=\"elementor-custom-embed\">\n\t\t\t<iframe loading=\"lazy\"\n\t\t\t\t\tsrc=\"https:\/\/maps.google.com\/maps?q=Nesteentie%2038%2C%2021200%20Raisio&#038;t=m&#038;z=15&#038;output=embed&#038;iwloc=near\"\n\t\t\t\t\ttitle=\"Nesteentie 38, 21200 Raisio\"\n\t\t\t\t\taria-label=\"Nesteentie 38, 21200 Raisio\"\n\t\t\t><\/iframe>\n\t\t<\/div>\n\t\t\t\t\t\t<\/div>\n\t\t\t\t<\/div>\n\t\t\t\t<div class=\"elementor-element elementor-element-988c5a4 elementor-widget elementor-widget-heading\" data-id=\"988c5a4\" data-element_type=\"widget\" data-widget_type=\"heading.default\">\n\t\t\t\t<div class=\"elementor-widget-container\">\n\t\t\t\t\t<h2 class=\"elementor-heading-title elementor-size-default\">Laskutus:\n<\/h2>\t\t\t\t<\/div>\n\t\t\t\t<\/div>\n\t\t\t\t<div class=\"elementor-element elementor-element-7da5519 elementor-widget elementor-widget-text-editor\" data-id=\"7da5519\" data-element_type=\"widget\" data-widget_type=\"text-editor.default\">\n\t\t\t\t<div class=\"elementor-widget-container\">\n\t\t\t\t\t\t\t\t\t<p><strong>Verkkolaskutusosoite:<\/strong><br>OKOYFIHH 003733332554<br><strong>LS-Motors Oy<\/strong><br><strong>Y-tunnus:<\/strong> 3333255-4<br><\/p>\t\t\t\t\t\t\t\t<\/div>\n\t\t\t\t<\/div>\n\t\t\t\t<\/div>\n\t\t<div class=\"elementor-element elementor-element-b84790b e-con-full e-flex e-con e-child\" data-id=\"b84790b\" data-element_type=\"container\" data-settings=\"{&quot;background_background&quot;:&quot;classic&quot;}\">\n\t\t\t\t<div class=\"elementor-element elementor-element-8f78389 elementor-widget elementor-widget-heading\" data-id=\"8f78389\" data-element_type=\"widget\" data-widget_type=\"heading.default\">\n\t\t\t\t<div class=\"elementor-widget-container\">\n\t\t\t\t\t<h2 class=\"elementor-heading-title elementor-size-default\">Voit ottaa yhteytt\u00e4 my\u00f6s lomakkeella<\/h2>\t\t\t\t<\/div>\n\t\t\t\t<\/div>\n\t\t\t\t<div class=\"elementor-element elementor-element-4b96e2f elementor-widget elementor-widget-shortcode\" data-id=\"4b96e2f\" data-element_type=\"widget\" data-widget_type=\"shortcode.default\">\n\t\t\t\t<div class=\"elementor-widget-container\">\n\t\t\t\t\t\t\t<div class=\"elementor-shortcode\">\n<div class=\"wpcf7 no-js\" id=\"wpcf7-f5-o1\" lang=\"fi\" dir=\"ltr\">\n<div class=\"screen-reader-response\"><p role=\"status\" aria-live=\"polite\" aria-atomic=\"true\"><\/p> <ul><\/ul><\/div>\n<form action=\"\/index.php\/wp-json\/wp\/v2\/pages\/43#wpcf7-f5-o1\" method=\"post\" class=\"wpcf7-form init\" aria-label=\"Yhteydenottolomake\" novalidate=\"novalidate\" data-status=\"init\">\n<div style=\"display: none;\">\n<input type=\"hidden\" name=\"_wpcf7\" value=\"5\" \/>\n<input type=\"hidden\" name=\"_wpcf7_version\" value=\"5.9.8\" \/>\n<input type=\"hidden\" name=\"_wpcf7_locale\" value=\"fi\" \/>\n<input type=\"hidden\" name=\"_wpcf7_unit_tag\" value=\"wpcf7-f5-o1\" \/>\n<input type=\"hidden\" name=\"_wpcf7_container_post\" value=\"0\" \/>\n<input type=\"hidden\" name=\"_wpcf7_posted_data_hash\" value=\"\" \/>\n<\/div>\n<p><label> Nimi<br \/>\n<span class=\"wpcf7-form-control-wrap\" data-name=\"your-name\"><input size=\"40\" maxlength=\"400\" class=\"wpcf7-form-control wpcf7-text wpcf7-validates-as-required\" aria-required=\"true\" aria-invalid=\"false\" value=\"\" type=\"text\" name=\"your-name\" \/><\/span> <\/label>\n<\/p>\n<p><label> S\u00e4hk\u00f6posti<br \/>\n<span class=\"wpcf7-form-control-wrap\" data-name=\"your-email\"><input size=\"40\" maxlength=\"400\" class=\"wpcf7-form-control wpcf7-email wpcf7-validates-as-required wpcf7-text wpcf7-validates-as-email\" autocomplete=\"email\" aria-required=\"true\" aria-invalid=\"false\" value=\"\" type=\"email\" name=\"your-email\" \/><\/span> <\/label>\n<\/p>\n<p><label> Puhelinnumero<br \/>\n<span class=\"wpcf7-form-control-wrap\" data-name=\"your-phone\"><input size=\"40\" maxlength=\"400\" class=\"wpcf7-form-control wpcf7-text wpcf7-validates-as-required\" aria-required=\"true\" aria-invalid=\"false\" value=\"\" type=\"text\" name=\"your-phone\" \/><\/span> <\/label>\n<\/p>\n<p><label> Aihe<br \/>\n<span class=\"wpcf7-form-control-wrap\" data-name=\"your-subject\"><input size=\"40\" maxlength=\"400\" class=\"wpcf7-form-control wpcf7-text wpcf7-validates-as-required\" aria-required=\"true\" aria-invalid=\"false\" value=\"\" type=\"text\" name=\"your-subject\" \/><\/span> <\/label>\n<\/p>\n<p><label> Viesti<br \/>\n<span class=\"wpcf7-form-control-wrap\" data-name=\"your-message\"><textarea cols=\"40\" rows=\"10\" maxlength=\"2000\" class=\"wpcf7-form-control wpcf7-textarea\" aria-invalid=\"false\" name=\"your-message\"><\/textarea><\/span> <\/label>\n<\/p>\n<p><input class=\"wpcf7-form-control wpcf7-submit has-spinner\" type=\"submit\" value=\"L\u00e4het\u00e4\" \/>\n<\/p><div class=\"wpcf7-response-output\" aria-hidden=\"true\"><\/div>\n<\/form>\n<\/div>\n<\/div>\n\t\t\t\t\t\t<\/div>\n\t\t\t\t<\/div>\n\t\t\t\t<\/div>\n\t\t\t\t\t<\/div>\n\t\t\t\t<\/div>\n\t\t\t\t<\/div>\n\t\t","protected":false},"excerpt":{"rendered":"<p>Palvelut Liikkuva Venehuolto, siell\u00e4 miss\u00e4 veneesi!Huollamme ja korjaamme mm: Volvo Penta moottorit huolto ja korjaus Volvo Penta vetolaitteen huolto ja korjaus MerCruiser vetolaitteet huolto ja korjaus Mercruiser moottorit huolto ja korjaus Yamaha per\u00e4moottorien huolto ja korjaus Yanmar huolto ja korjaukset Kysy my\u00f6s muut merkit ja mallit! Vianetsint\u00e4\/Vikakoodien luku Rinda:n sek\u00e4 Jaltest testilaitteilla! Volvo Penta bensiini [&hellip;]<\/p>\n","protected":false},"author":1,"featured_media":0,"parent":0,"menu_order":0,"comment_status":"closed","ping_status":"closed","template":"elementor_header_footer","meta":{"footnotes":""},"_links":{"self":[{"href":"https:\/\/www.lsmotors.fi\/index.php\/wp-json\/wp\/v2\/pages\/43"}],"collection":[{"href":"https:\/\/www.lsmotors.fi\/index.php\/wp-json\/wp\/v2\/pages"}],"about":[{"href":"https:\/\/www.lsmotors.fi\/index.php\/wp-json\/wp\/v2\/types\/page"}],"author":[{"embeddable":true,"href":"https:\/\/www.lsmotors.fi\/index.php\/wp-json\/wp\/v2\/users\/1"}],"replies":[{"embeddable":true,"href":"https:\/\/www.lsmotors.fi\/index.php\/wp-json\/wp\/v2\/comments?post=43"}],"version-history":[{"count":68,"href":"https:\/\/www.lsmotors.fi\/index.php\/wp-json\/wp\/v2\/pages\/43\/revisions"}],"predecessor-version":[{"id":358,"href":"https:\/\/www.lsmotors.fi\/index.php\/wp-json\/wp\/v2\/pages\/43\/revisions\/358"}],"wp:attachment":[{"href":"https:\/\/www.lsmotors.fi\/index.php\/wp-json\/wp\/v2\/media?parent=43"}],"curies":[{"name":"wp","href":"https:\/\/api.w.org\/{rel}","templated":true}]}}